{"id":256,"date":"2023-04-27T09:35:46","date_gmt":"2023-04-27T09:35:46","guid":{"rendered":"http:\/\/www.cantorna.es\/?page_id=256"},"modified":"2023-05-08T16:23:01","modified_gmt":"2023-05-08T16:23:01","slug":"quienes_somos","status":"publish","type":"page","link":"https:\/\/cantorna.es\/gl\/quienes_somos\/","title":{"rendered":"Quenes Somos"},"content":{"rendered":"<div data-elementor-type=\"wp-page\" data-elementor-id=\"256\" class=\"elementor elementor-256\">\n\t\t\t\t\t\t<section class=\"elementor-section elementor-top-section elementor-element elementor-element-e706648 elementor-section-boxed elementor-section-height-default elementor-section-height-default\" data-id=\"e706648\" data-element_type=\"section\" data-settings=\"{&quot;background_background&quot;:&quot;classic&quot;}\">\n\t\t\t\t\t\t\t<div class=\"elementor-background-overlay\"><\/div>\n\t\t\t\t\t\t\t<div class=\"elementor-container elementor-column-gap-default\">\n\t\t\t\t\t<div class=\"elementor-column elementor-col-50 elementor-top-column elementor-element elementor-element-c7dd9c3\" data-id=\"c7dd9c3\" data-element_type=\"column\">\n\t\t\t<div class=\"elementor-widget-wrap elementor-element-populated\">\n\t\t\t\t\t\t<div class=\"elementor-element elementor-element-76cbeaa elementor-widget elementor-widget-heading\" data-id=\"76cbeaa\" data-element_type=\"widget\" data-widget_type=\"heading.default\">\n\t\t\t\t<div class=\"elementor-widget-container\">\n\t\t\t\t\t<h1 class=\"elementor-heading-title elementor-size-default\">Quenes somos<\/h1>\t\t\t\t<\/div>\n\t\t\t\t<\/div>\n\t\t\t\t\t<\/div>\n\t\t<\/div>\n\t\t\t\t<div class=\"elementor-column elementor-col-50 elementor-top-column elementor-element elementor-element-0c46c17\" data-id=\"0c46c17\" data-element_type=\"column\">\n\t\t\t<div class=\"elementor-widget-wrap\">\n\t\t\t\t\t\t\t<\/div>\n\t\t<\/div>\n\t\t\t\t\t<\/div>\n\t\t<\/section>\n\t\t\t\t<section class=\"elementor-section elementor-top-section elementor-element elementor-element-3b6e23d elementor-section-boxed elementor-section-height-default elementor-section-height-default\" data-id=\"3b6e23d\" data-element_type=\"section\" data-settings=\"{&quot;background_background&quot;:&quot;classic&quot;}\">\n\t\t\t\t\t\t<div class=\"elementor-container elementor-column-gap-default\">\n\t\t\t\t\t<div class=\"elementor-column elementor-col-100 elementor-top-column elementor-element elementor-element-a5e4648\" data-id=\"a5e4648\" data-element_type=\"column\">\n\t\t\t<div class=\"elementor-widget-wrap elementor-element-populated\">\n\t\t\t\t\t\t<section class=\"elementor-section elementor-inner-section elementor-element elementor-element-065bb53 elementor-section-boxed elementor-section-height-default elementor-section-height-default\" data-id=\"065bb53\" data-element_type=\"section\">\n\t\t\t\t\t\t<div class=\"elementor-container elementor-column-gap-default\">\n\t\t\t\t\t<div class=\"elementor-column elementor-col-50 elementor-inner-column elementor-element elementor-element-3488947\" data-id=\"3488947\" data-element_type=\"column\">\n\t\t\t<div class=\"elementor-widget-wrap elementor-element-populated\">\n\t\t\t\t\t\t<div class=\"elementor-element elementor-element-582ed3a elementor-widget elementor-widget-heading\" data-id=\"582ed3a\" data-element_type=\"widget\" data-widget_type=\"heading.default\">\n\t\t\t\t<div class=\"elementor-widget-container\">\n\t\t\t\t\t<span class=\"elementor-heading-title elementor-size-default\">A nosa historia<\/span>\t\t\t\t<\/div>\n\t\t\t\t<\/div>\n\t\t\t\t<div class=\"elementor-element elementor-element-52f5267 elementor-widget elementor-widget-text-editor\" data-id=\"52f5267\" data-element_type=\"widget\" data-widget_type=\"text-editor.default\">\n\t\t\t\t<div class=\"elementor-widget-container\">\n\t\t\t\t\t\t\t\t\t<p>Na nosa asesor\u00eda contable, laboral e financieira, xunto cos nosos servizos de administraci\u00f3n de comunidades de veci\u00f1os, ofrecemos soluci\u00f3ns integrales e personalizadas para cubrir as necesidades e obxectivos financieiros dos nosos clientes.<\/p><p>Contamos cun equipo de profesionales altamente capacitados e especializados en diversas \u00e1reas, o que nos permite brindar un servizo de calidade en todos os \u00e1mbitos nos que operamos.<\/p><p>Na \u00e1rea contable e financieira, ofrecemos servizos de contabilidade, tributaci\u00f3n, xesti\u00f3n financieira, orzamentaria e de inversi\u00f3ns, as\u00ed como a elaboraci\u00f3n de plans de negocio e a identificaci\u00f3n de fontes de financiamiento.<\/p><p>Na \u00e1rea laboral, brindamos asesoramento en materia de recursos humanos, dereito laboral e seguridade social, as\u00ed como o cumprimento das obligaci\u00f3ns fiscais e laborales.<\/p><p>E na \u00e1rea de administraci\u00f3n de comunidades de veci\u00f1os, encarg\u00e1mosnos da xesti\u00f3n integral da comunidade, dende a elaboraci\u00f3n de orzamentos e a xesti\u00f3n de proveedores ata a organizaci\u00f3n de asembleas e o cumprimento das obrigas legais e fiscais.<\/p><p>En resumo, a nosa asesor\u00eda contable, laboral e financieira, xunto cos nosos servizos de administraci\u00f3n de comunidades de veci\u00f1os, buscan brindarlle aos nosos clientes un servizo completo e personalizado, enfocado en axudarlles a alcanzar os seus obxectivos financieiros e en garantir o benestar da s\u00faa comunidade.<\/p>\t\t\t\t\t\t\t\t<\/div>\n\t\t\t\t<\/div>\n\t\t\t\t\t<\/div>\n\t\t<\/div>\n\t\t\t\t<div class=\"elementor-column elementor-col-50 elementor-inner-column elementor-element elementor-element-e85ff37\" data-id=\"e85ff37\" data-element_type=\"column\">\n\t\t\t<div class=\"elementor-widget-wrap elementor-element-populated\">\n\t\t\t\t\t\t<div class=\"elementor-element elementor-element-4fa4944 elementor-widget elementor-widget-image\" data-id=\"4fa4944\" data-element_type=\"widget\" data-widget_type=\"image.default\">\n\t\t\t\t<div class=\"elementor-widget-container\">\n\t\t\t\t\t\t\t\t\t\t\t\t\t\t\t<img fetchpriority=\"high\" decoding=\"async\" width=\"312\" height=\"213\" src=\"https:\/\/cantorna.es\/wp-content\/uploads\/2023\/04\/Captura_3.png\" class=\"attachment-large size-large wp-image-288\" alt=\"Asesor\u00eda fiscal contable y laboral\" srcset=\"https:\/\/cantorna.es\/wp-content\/uploads\/2023\/04\/Captura_3.png 312w, https:\/\/cantorna.es\/wp-content\/uploads\/2023\/04\/Captura_3-300x205.png 300w, https:\/\/cantorna.es\/wp-content\/uploads\/2023\/04\/Captura_3-18x12.png 18w\" sizes=\"(max-width: 312px) 100vw, 312px\" \/>\t\t\t\t\t\t\t\t\t\t\t\t\t\t\t<\/div>\n\t\t\t\t<\/div>\n\t\t\t\t<div class=\"elementor-element elementor-element-3b4f4eb elementor-view-stacked elementor-shape-circle elementor-widget elementor-widget-icon\" data-id=\"3b4f4eb\" data-element_type=\"widget\" data-widget_type=\"icon.default\">\n\t\t\t\t<div class=\"elementor-widget-container\">\n\t\t\t\t\t\t\t<div class=\"elementor-icon-wrapper\">\n\t\t\t<div class=\"elementor-icon\">\n\t\t\t<i aria-hidden=\"true\" class=\"fas fa-address-card\"><\/i>\t\t\t<\/div>\n\t\t<\/div>\n\t\t\t\t\t\t<\/div>\n\t\t\t\t<\/div>\n\t\t\t\t<div class=\"elementor-element elementor-element-1e174ec elementor-view-stacked elementor-shape-circle elementor-widget elementor-widget-icon\" data-id=\"1e174ec\" data-element_type=\"widget\" data-widget_type=\"icon.default\">\n\t\t\t\t<div class=\"elementor-widget-container\">\n\t\t\t\t\t\t\t<div class=\"elementor-icon-wrapper\">\n\t\t\t<div class=\"elementor-icon\">\n\t\t\t<i aria-hidden=\"true\" class=\"fas fa-calculator\"><\/i>\t\t\t<\/div>\n\t\t<\/div>\n\t\t\t\t\t\t<\/div>\n\t\t\t\t<\/div>\n\t\t\t\t<div class=\"elementor-element elementor-element-8326ae3 elementor-view-stacked elementor-shape-circle elementor-widget elementor-widget-icon\" data-id=\"8326ae3\" data-element_type=\"widget\" data-widget_type=\"icon.default\">\n\t\t\t\t<div class=\"elementor-widget-container\">\n\t\t\t\t\t\t\t<div class=\"elementor-icon-wrapper\">\n\t\t\t<div class=\"elementor-icon\">\n\t\t\t<i aria-hidden=\"true\" class=\"fas fa-gavel\"><\/i>\t\t\t<\/div>\n\t\t<\/div>\n\t\t\t\t\t\t<\/div>\n\t\t\t\t<\/div>\n\t\t\t\t<div class=\"elementor-element elementor-element-e45ea1c elementor-view-stacked elementor-shape-circle elementor-widget elementor-widget-icon\" data-id=\"e45ea1c\" data-element_type=\"widget\" data-widget_type=\"icon.default\">\n\t\t\t\t<div class=\"elementor-widget-container\">\n\t\t\t\t\t\t\t<div class=\"elementor-icon-wrapper\">\n\t\t\t<div class=\"elementor-icon\">\n\t\t\t<i aria-hidden=\"true\" class=\"fas fa-building\"><\/i>\t\t\t<\/div>\n\t\t<\/div>\n\t\t\t\t\t\t<\/div>\n\t\t\t\t<\/div>\n\t\t\t\t\t<\/div>\n\t\t<\/div>\n\t\t\t\t\t<\/div>\n\t\t<\/section>\n\t\t\t\t\t<\/div>\n\t\t<\/div>\n\t\t\t\t\t<\/div>\n\t\t<\/section>\n\t\t\t\t<\/div>","protected":false},"excerpt":{"rendered":"<p>Qui\u00e9nes somos Nuestra historia En nuestra asesor\u00eda contable, laboral y financiera, junto con nuestros servicios de administraci\u00f3n de comunidades de vecinos, ofrecemos soluciones integrales y personalizadas para cubrir las necesidades y objetivos financieros de nuestros clientes. Contamos con un equipo de profesionales altamente capacitados y especializados en diversas \u00e1reas, lo que nos permite brindar un&hellip;&nbsp;<a href=\"https:\/\/cantorna.es\/gl\/quienes_somos\/\" class=\"\" rel=\"bookmark\">Read More &raquo;<span class=\"screen-reader-text\">Quenes Somos<\/span><\/a><\/p>","protected":false},"author":1,"featured_media":0,"parent":0,"menu_order":0,"comment_status":"closed","ping_status":"open","template":"page-templates\/template-pagebuilder-full-width.php","meta":{"neve_meta_sidebar":"","neve_meta_container":"","neve_meta_enable_content_width":"","neve_meta_content_width":0,"neve_meta_title_alignment":"","neve_meta_author_avatar":"","neve_post_elements_order":"","neve_meta_disable_header":"","neve_meta_disable_footer":"","neve_meta_disable_title":"","neve_meta_reading_time":"","_themeisle_gutenberg_block_has_review":false,"_ti_tpc_template_sync":false,"_ti_tpc_template_id":"","footnotes":""},"class_list":["post-256","page","type-page","status-publish","hentry"],"yoast_head":"<!-- This site is optimized with the Yoast SEO plugin v26.1.1 - https:\/\/yoast.com\/wordpress\/plugins\/seo\/ -->\n<title>Qui\u00e9nes Somos - Asesor\u00eda Cantorna<\/title>\n<meta name=\"description\" content=\"Asesor\u00eda contable, laboral y financiera, servicios de administraci\u00f3n de comunidades de vecinos. Soluciones integrales personalizadas para nuestros clientes.\" \/>\n<meta name=\"robots\" content=\"index, follow, max-snippet:-1, max-image-preview:large, max-video-preview:-1\" \/>\n<link rel=\"canonical\" href=\"https:\/\/cantorna.es\/gl\/quienes_somos\/\" \/>\n<meta property=\"og:locale\" content=\"gl_ES\" \/>\n<meta property=\"og:type\" content=\"article\" \/>\n<meta property=\"og:title\" content=\"Qui\u00e9nes Somos - Asesor\u00eda Cantorna\" \/>\n<meta property=\"og:description\" content=\"Asesor\u00eda contable, laboral y financiera, servicios de administraci\u00f3n de comunidades de vecinos. Soluciones integrales personalizadas para nuestros clientes.\" \/>\n<meta property=\"og:url\" content=\"https:\/\/cantorna.es\/gl\/quienes_somos\/\" \/>\n<meta property=\"og:site_name\" content=\"Asesor\u00eda Cantorna\" \/>\n<meta property=\"article:modified_time\" content=\"2023-05-08T16:23:01+00:00\" \/>\n<meta property=\"og:image\" content=\"http:\/\/www.cantorna.es\/wp-content\/uploads\/2023\/04\/Captura_3.png\" \/>\n<meta name=\"twitter:card\" content=\"summary_large_image\" \/>\n<meta name=\"twitter:label1\" content=\"Tempo de lectura\" \/>\n\t<meta name=\"twitter:data1\" content=\"2 minutos\" \/>\n<script type=\"application\/ld+json\" class=\"yoast-schema-graph\">{\"@context\":\"https:\/\/schema.org\",\"@graph\":[{\"@type\":[\"Article\",\"Report\"],\"@id\":\"https:\/\/cantorna.es\/quienes_somos\/#article\",\"isPartOf\":{\"@id\":\"https:\/\/cantorna.es\/quienes_somos\/\"},\"author\":{\"name\":\"admin\",\"@id\":\"https:\/\/cantorna.es\/#\/schema\/person\/5209c44ddb7cefb967f807e10f480aca\"},\"headline\":\"Qui\u00e9nes Somos\",\"datePublished\":\"2023-04-27T09:35:46+00:00\",\"dateModified\":\"2023-05-08T16:23:01+00:00\",\"mainEntityOfPage\":{\"@id\":\"https:\/\/cantorna.es\/quienes_somos\/\"},\"wordCount\":228,\"publisher\":{\"@id\":\"https:\/\/cantorna.es\/#organization\"},\"image\":{\"@id\":\"https:\/\/cantorna.es\/quienes_somos\/#primaryimage\"},\"thumbnailUrl\":\"http:\/\/www.cantorna.es\/wp-content\/uploads\/2023\/04\/Captura_3.png\",\"inLanguage\":\"gl-ES\"},{\"@type\":[\"WebPage\",\"AboutPage\"],\"@id\":\"https:\/\/cantorna.es\/quienes_somos\/\",\"url\":\"https:\/\/cantorna.es\/quienes_somos\/\",\"name\":\"Qui\u00e9nes Somos - Asesor\u00eda Cantorna\",\"isPartOf\":{\"@id\":\"https:\/\/cantorna.es\/#website\"},\"primaryImageOfPage\":{\"@id\":\"https:\/\/cantorna.es\/quienes_somos\/#primaryimage\"},\"image\":{\"@id\":\"https:\/\/cantorna.es\/quienes_somos\/#primaryimage\"},\"thumbnailUrl\":\"http:\/\/www.cantorna.es\/wp-content\/uploads\/2023\/04\/Captura_3.png\",\"datePublished\":\"2023-04-27T09:35:46+00:00\",\"dateModified\":\"2023-05-08T16:23:01+00:00\",\"description\":\"Asesor\u00eda contable, laboral y financiera, servicios de administraci\u00f3n de comunidades de vecinos. Soluciones integrales personalizadas para nuestros clientes.\",\"breadcrumb\":{\"@id\":\"https:\/\/cantorna.es\/quienes_somos\/#breadcrumb\"},\"inLanguage\":\"gl-ES\",\"potentialAction\":[{\"@type\":\"ReadAction\",\"target\":[\"https:\/\/cantorna.es\/quienes_somos\/\"]}]},{\"@type\":\"ImageObject\",\"inLanguage\":\"gl-ES\",\"@id\":\"https:\/\/cantorna.es\/quienes_somos\/#primaryimage\",\"url\":\"http:\/\/www.cantorna.es\/wp-content\/uploads\/2023\/04\/Captura_3.png\",\"contentUrl\":\"http:\/\/www.cantorna.es\/wp-content\/uploads\/2023\/04\/Captura_3.png\"},{\"@type\":\"BreadcrumbList\",\"@id\":\"https:\/\/cantorna.es\/quienes_somos\/#breadcrumb\",\"itemListElement\":[{\"@type\":\"ListItem\",\"position\":1,\"name\":\"Portada\",\"item\":\"https:\/\/cantorna.es\/\"},{\"@type\":\"ListItem\",\"position\":2,\"name\":\"Qui\u00e9nes Somos\"}]},{\"@type\":\"WebSite\",\"@id\":\"https:\/\/cantorna.es\/#website\",\"url\":\"https:\/\/cantorna.es\/\",\"name\":\"Asesor\u00eda Cantorna Gestor\u00eda\",\"description\":\"Asesor&iacute;a Cantorna\",\"publisher\":{\"@id\":\"https:\/\/cantorna.es\/#organization\"},\"potentialAction\":[{\"@type\":\"SearchAction\",\"target\":{\"@type\":\"EntryPoint\",\"urlTemplate\":\"https:\/\/cantorna.es\/?s={search_term_string}\"},\"query-input\":{\"@type\":\"PropertyValueSpecification\",\"valueRequired\":true,\"valueName\":\"search_term_string\"}}],\"inLanguage\":\"gl-ES\"},{\"@type\":\"Organization\",\"@id\":\"https:\/\/cantorna.es\/#organization\",\"name\":\"Asesor\u00eda Cantorna Gestor\u00eda\",\"url\":\"https:\/\/cantorna.es\/\",\"logo\":{\"@type\":\"ImageObject\",\"inLanguage\":\"gl-ES\",\"@id\":\"https:\/\/cantorna.es\/#\/schema\/logo\/image\/\",\"url\":\"http:\/\/www.cantorna.es\/wp-content\/uploads\/2023\/04\/cropped-logo.jpg\",\"contentUrl\":\"http:\/\/www.cantorna.es\/wp-content\/uploads\/2023\/04\/cropped-logo.jpg\",\"width\":200,\"height\":77,\"caption\":\"Asesor\u00eda Cantorna Gestor\u00eda\"},\"image\":{\"@id\":\"https:\/\/cantorna.es\/#\/schema\/logo\/image\/\"}},{\"@type\":\"Person\",\"@id\":\"https:\/\/cantorna.es\/#\/schema\/person\/5209c44ddb7cefb967f807e10f480aca\",\"name\":\"admin\",\"image\":{\"@type\":\"ImageObject\",\"inLanguage\":\"gl-ES\",\"@id\":\"https:\/\/cantorna.es\/#\/schema\/person\/image\/\",\"url\":\"https:\/\/secure.gravatar.com\/avatar\/e502d3e057c10cd0d6d0712def165a55300dd0b0c72ec6ee65d2c2af080db8f7?s=96&d=mm&r=g\",\"contentUrl\":\"https:\/\/secure.gravatar.com\/avatar\/e502d3e057c10cd0d6d0712def165a55300dd0b0c72ec6ee65d2c2af080db8f7?s=96&d=mm&r=g\",\"caption\":\"admin\"},\"sameAs\":[\"https:\/\/cantorna.es\"],\"url\":\"https:\/\/cantorna.es\/gl\/author\/admin\/\"}]}<\/script>\n<!-- \/ Yoast SEO plugin. -->","yoast_head_json":{"title":"Qui\u00e9nes Somos - Asesor\u00eda Cantorna","description":"Asesor\u00eda contable, laboral y financiera, servicios de administraci\u00f3n de comunidades de vecinos. Soluciones integrales personalizadas para nuestros clientes.","robots":{"index":"index","follow":"follow","max-snippet":"max-snippet:-1","max-image-preview":"max-image-preview:large","max-video-preview":"max-video-preview:-1"},"canonical":"https:\/\/cantorna.es\/gl\/quienes_somos\/","og_locale":"gl_ES","og_type":"article","og_title":"Qui\u00e9nes Somos - Asesor\u00eda Cantorna","og_description":"Asesor\u00eda contable, laboral y financiera, servicios de administraci\u00f3n de comunidades de vecinos. Soluciones integrales personalizadas para nuestros clientes.","og_url":"https:\/\/cantorna.es\/gl\/quienes_somos\/","og_site_name":"Asesor\u00eda Cantorna","article_modified_time":"2023-05-08T16:23:01+00:00","og_image":[{"url":"http:\/\/www.cantorna.es\/wp-content\/uploads\/2023\/04\/Captura_3.png","type":"","width":"","height":""}],"twitter_card":"summary_large_image","twitter_misc":{"Tempo de lectura":"2 minutos"},"schema":{"@context":"https:\/\/schema.org","@graph":[{"@type":["Article","Report"],"@id":"https:\/\/cantorna.es\/quienes_somos\/#article","isPartOf":{"@id":"https:\/\/cantorna.es\/quienes_somos\/"},"author":{"name":"admin","@id":"https:\/\/cantorna.es\/#\/schema\/person\/5209c44ddb7cefb967f807e10f480aca"},"headline":"Qui\u00e9nes Somos","datePublished":"2023-04-27T09:35:46+00:00","dateModified":"2023-05-08T16:23:01+00:00","mainEntityOfPage":{"@id":"https:\/\/cantorna.es\/quienes_somos\/"},"wordCount":228,"publisher":{"@id":"https:\/\/cantorna.es\/#organization"},"image":{"@id":"https:\/\/cantorna.es\/quienes_somos\/#primaryimage"},"thumbnailUrl":"http:\/\/www.cantorna.es\/wp-content\/uploads\/2023\/04\/Captura_3.png","inLanguage":"gl-ES"},{"@type":["WebPage","AboutPage"],"@id":"https:\/\/cantorna.es\/quienes_somos\/","url":"https:\/\/cantorna.es\/quienes_somos\/","name":"Qui\u00e9nes Somos - Asesor\u00eda Cantorna","isPartOf":{"@id":"https:\/\/cantorna.es\/#website"},"primaryImageOfPage":{"@id":"https:\/\/cantorna.es\/quienes_somos\/#primaryimage"},"image":{"@id":"https:\/\/cantorna.es\/quienes_somos\/#primaryimage"},"thumbnailUrl":"http:\/\/www.cantorna.es\/wp-content\/uploads\/2023\/04\/Captura_3.png","datePublished":"2023-04-27T09:35:46+00:00","dateModified":"2023-05-08T16:23:01+00:00","description":"Asesor\u00eda contable, laboral y financiera, servicios de administraci\u00f3n de comunidades de vecinos. Soluciones integrales personalizadas para nuestros clientes.","breadcrumb":{"@id":"https:\/\/cantorna.es\/quienes_somos\/#breadcrumb"},"inLanguage":"gl-ES","potentialAction":[{"@type":"ReadAction","target":["https:\/\/cantorna.es\/quienes_somos\/"]}]},{"@type":"ImageObject","inLanguage":"gl-ES","@id":"https:\/\/cantorna.es\/quienes_somos\/#primaryimage","url":"http:\/\/www.cantorna.es\/wp-content\/uploads\/2023\/04\/Captura_3.png","contentUrl":"http:\/\/www.cantorna.es\/wp-content\/uploads\/2023\/04\/Captura_3.png"},{"@type":"BreadcrumbList","@id":"https:\/\/cantorna.es\/quienes_somos\/#breadcrumb","itemListElement":[{"@type":"ListItem","position":1,"name":"Portada","item":"https:\/\/cantorna.es\/"},{"@type":"ListItem","position":2,"name":"Qui\u00e9nes Somos"}]},{"@type":"WebSite","@id":"https:\/\/cantorna.es\/#website","url":"https:\/\/cantorna.es\/","name":"Asesor\u00eda Cantorna Gestor\u00eda","description":"Asesor&iacute;a Cantorna","publisher":{"@id":"https:\/\/cantorna.es\/#organization"},"potentialAction":[{"@type":"SearchAction","target":{"@type":"EntryPoint","urlTemplate":"https:\/\/cantorna.es\/?s={search_term_string}"},"query-input":{"@type":"PropertyValueSpecification","valueRequired":true,"valueName":"search_term_string"}}],"inLanguage":"gl-ES"},{"@type":"Organization","@id":"https:\/\/cantorna.es\/#organization","name":"Asesor\u00eda Cantorna Gestor\u00eda","url":"https:\/\/cantorna.es\/","logo":{"@type":"ImageObject","inLanguage":"gl-ES","@id":"https:\/\/cantorna.es\/#\/schema\/logo\/image\/","url":"http:\/\/www.cantorna.es\/wp-content\/uploads\/2023\/04\/cropped-logo.jpg","contentUrl":"http:\/\/www.cantorna.es\/wp-content\/uploads\/2023\/04\/cropped-logo.jpg","width":200,"height":77,"caption":"Asesor\u00eda Cantorna Gestor\u00eda"},"image":{"@id":"https:\/\/cantorna.es\/#\/schema\/logo\/image\/"}},{"@type":"Person","@id":"https:\/\/cantorna.es\/#\/schema\/person\/5209c44ddb7cefb967f807e10f480aca","name":"admin","image":{"@type":"ImageObject","inLanguage":"gl-ES","@id":"https:\/\/cantorna.es\/#\/schema\/person\/image\/","url":"https:\/\/secure.gravatar.com\/avatar\/e502d3e057c10cd0d6d0712def165a55300dd0b0c72ec6ee65d2c2af080db8f7?s=96&d=mm&r=g","contentUrl":"https:\/\/secure.gravatar.com\/avatar\/e502d3e057c10cd0d6d0712def165a55300dd0b0c72ec6ee65d2c2af080db8f7?s=96&d=mm&r=g","caption":"admin"},"sameAs":["https:\/\/cantorna.es"],"url":"https:\/\/cantorna.es\/gl\/author\/admin\/"}]}},"_links":{"self":[{"href":"https:\/\/cantorna.es\/gl\/wp-json\/wp\/v2\/pages\/256","targetHints":{"allow":["GET"]}}],"collection":[{"href":"https:\/\/cantorna.es\/gl\/wp-json\/wp\/v2\/pages"}],"about":[{"href":"https:\/\/cantorna.es\/gl\/wp-json\/wp\/v2\/types\/page"}],"author":[{"embeddable":true,"href":"https:\/\/cantorna.es\/gl\/wp-json\/wp\/v2\/users\/1"}],"replies":[{"embeddable":true,"href":"https:\/\/cantorna.es\/gl\/wp-json\/wp\/v2\/comments?post=256"}],"version-history":[{"count":16,"href":"https:\/\/cantorna.es\/gl\/wp-json\/wp\/v2\/pages\/256\/revisions"}],"predecessor-version":[{"id":415,"href":"https:\/\/cantorna.es\/gl\/wp-json\/wp\/v2\/pages\/256\/revisions\/415"}],"wp:attachment":[{"href":"https:\/\/cantorna.es\/gl\/wp-json\/wp\/v2\/media?parent=256"}],"curies":[{"name":"wp","href":"https:\/\/api.w.org\/{rel}","templated":true}]}}