{"id":13,"date":"2019-12-17T10:49:26","date_gmt":"2019-12-17T10:49:26","guid":{"rendered":"https:\/\/demosites.io\/accounting\/?page_id=13"},"modified":"2023-05-10T21:33:13","modified_gmt":"2023-05-10T21:33:13","slug":"contacto","status":"publish","type":"page","link":"https:\/\/cantorna.es\/gl\/contacto\/","title":{"rendered":"Contacto"},"content":{"rendered":"<div data-elementor-type=\"wp-page\" data-elementor-id=\"13\" class=\"elementor elementor-13\">\n\t\t\t\t\t\t<section class=\"elementor-section elementor-top-section elementor-element elementor-element-c58d355 elementor-section-boxed elementor-section-height-default elementor-section-height-default\" data-id=\"c58d355\" data-element_type=\"section\" data-settings=\"{&quot;background_background&quot;:&quot;classic&quot;}\">\n\t\t\t\t\t\t\t<div class=\"elementor-background-overlay\"><\/div>\n\t\t\t\t\t\t\t<div class=\"elementor-container elementor-column-gap-default\">\n\t\t\t\t\t<div class=\"elementor-column elementor-col-50 elementor-top-column elementor-element elementor-element-ad95c8d\" data-id=\"ad95c8d\" data-element_type=\"column\">\n\t\t\t<div class=\"elementor-widget-wrap elementor-element-populated\">\n\t\t\t\t\t\t<div class=\"elementor-element elementor-element-4590dc5 elementor-widget elementor-widget-heading\" data-id=\"4590dc5\" data-element_type=\"widget\" data-widget_type=\"heading.default\">\n\t\t\t\t<div class=\"elementor-widget-container\">\n\t\t\t\t\t<h1 class=\"elementor-heading-title elementor-size-default\">Contacto<\/h1>\t\t\t\t<\/div>\n\t\t\t\t<\/div>\n\t\t\t\t\t<\/div>\n\t\t<\/div>\n\t\t\t\t<div class=\"elementor-column elementor-col-50 elementor-top-column elementor-element elementor-element-a6875c9\" data-id=\"a6875c9\" data-element_type=\"column\">\n\t\t\t<div class=\"elementor-widget-wrap\">\n\t\t\t\t\t\t\t<\/div>\n\t\t<\/div>\n\t\t\t\t\t<\/div>\n\t\t<\/section>\n\t\t\t\t<section class=\"elementor-section elementor-top-section elementor-element elementor-element-1c93b3a elementor-section-boxed elementor-section-height-default elementor-section-height-default\" data-id=\"1c93b3a\" data-element_type=\"section\" data-settings=\"{&quot;background_background&quot;:&quot;classic&quot;}\">\n\t\t\t\t\t\t<div class=\"elementor-container elementor-column-gap-default\">\n\t\t\t\t\t<div class=\"elementor-column elementor-col-100 elementor-top-column elementor-element elementor-element-47e90d1\" data-id=\"47e90d1\" data-element_type=\"column\">\n\t\t\t<div class=\"elementor-widget-wrap elementor-element-populated\">\n\t\t\t\t\t\t<section class=\"elementor-section elementor-inner-section elementor-element elementor-element-04a06ab elementor-reverse-tablet elementor-section-boxed elementor-section-height-default elementor-section-height-default\" data-id=\"04a06ab\" data-element_type=\"section\">\n\t\t\t\t\t\t<div class=\"elementor-container elementor-column-gap-default\">\n\t\t\t\t\t<div class=\"elementor-column elementor-col-100 elementor-inner-column elementor-element elementor-element-ed96add\" data-id=\"ed96add\" data-element_type=\"column\" data-settings=\"{&quot;background_background&quot;:&quot;classic&quot;}\">\n\t\t\t<div class=\"elementor-widget-wrap elementor-element-populated\">\n\t\t\t\t\t\t<div class=\"elementor-element elementor-element-8cb9a75 text-normal elementor-widget elementor-widget-heading\" data-id=\"8cb9a75\" data-element_type=\"widget\" data-widget_type=\"heading.default\">\n\t\t\t\t<div class=\"elementor-widget-container\">\n\t\t\t\t\t<span class=\"elementor-heading-title elementor-size-default\">Env\u00edenos a s\u00faa consulta e contestaremoslle profesionalmente<\/span>\t\t\t\t<\/div>\n\t\t\t\t<\/div>\n\t\t\t\t<div class=\"elementor-element elementor-element-d3b8a8e elementor-widget elementor-widget-content_form_contact\" data-id=\"d3b8a8e\" data-element_type=\"widget\" data-widget_type=\"content_form_contact.default\">\n\t\t\t\t<div class=\"elementor-widget-container\">\n\t\t\t\t\t<form action=\"https:\/\/cantorna.es\/wp-admin\/admin-post.php\" method=\"post\" name=\"content-form-d3b8a8e\" id=\"content-form-d3b8a8e\" class=\"ti-cf-module content-form content-form-contact content_form_contact\"><input type=\"hidden\" id=\"_wpnonce_contact\" name=\"_wpnonce_contact\" value=\"5c66a0cf69\" \/><input type=\"hidden\" name=\"_wp_http_referer\" value=\"\/contacto\/\" \/><input type=\"hidden\" name=\"action\" value=\"content_form_submit\" \/><input type=\"hidden\" name=\"form-type\" value=\"contact\" \/><input type=\"hidden\" name=\"form-builder\" value=\"elementor\" \/><input type=\"hidden\" name=\"post-id\" value=\"13\" \/><input type=\"hidden\" name=\"form-id\" value=\"d3b8a8e\" \/><fieldset class=\"content-form-field-email elementor-column elementor-col-100\"><label for=\"data[d3b8a8e][email]\" >Email<span class=\"required-mark\"> *<\/span><\/label><input type=\"text\" name=\"data[d3b8a8e][email]\" id=\"data[d3b8a8e][email]\" required=\"required\"  placeholder=\"Email\"><\/fieldset><fieldset class=\"content-form-field-text elementor-column elementor-col-100\"><label for=\"data[d3b8a8e][nombre-de-contacto]\" >Nome de contacto<\/label><input type=\"text\" name=\"data[d3b8a8e][nombre-de-contacto]\" id=\"data[d3b8a8e][nombre-de-contacto]\"   placeholder=\"Nome\"><\/fieldset><fieldset class=\"content-form-field-textarea elementor-column elementor-col-100\"><label for=\"data[d3b8a8e][message]\" >Consulta<span class=\"required-mark\"> *<\/span><\/label><textarea name=\"data[d3b8a8e][message]\" id=\"data[d3b8a8e][message]\"  required=\"required\" placeholder=\"A s\u00faa consulta\" cols=\"30\" rows=\"5\"><\/textarea><\/fieldset><fieldset class=\"submit-form contact\"><button type=\"submit\" name=\"submit\"  value=\"submit-contact-d3b8a8e\" class=\"\">Enviar consulta<\/button><\/fieldset><\/form>\t\t\t\t<\/div>\n\t\t\t\t<\/div>\n\t\t\t\t\t<\/div>\n\t\t<\/div>\n\t\t\t\t\t<\/div>\n\t\t<\/section>\n\t\t\t\t\t<\/div>\n\t\t<\/div>\n\t\t\t\t\t<\/div>\n\t\t<\/section>\n\t\t\t\t<section class=\"elementor-section elementor-top-section elementor-element elementor-element-b475ce0 elementor-section-boxed elementor-section-height-default elementor-section-height-default\" data-id=\"b475ce0\" data-element_type=\"section\" data-settings=\"{&quot;background_background&quot;:&quot;classic&quot;}\">\n\t\t\t\t\t\t<div class=\"elementor-container elementor-column-gap-default\">\n\t\t\t\t\t<div class=\"elementor-column elementor-col-100 elementor-top-column elementor-element elementor-element-96e8c0d\" data-id=\"96e8c0d\" data-element_type=\"column\">\n\t\t\t<div class=\"elementor-widget-wrap elementor-element-populated\">\n\t\t\t\t\t\t<section class=\"elementor-section elementor-inner-section elementor-element elementor-element-4afe24d elementor-section-content-top elementor-section-boxed elementor-section-height-default elementor-section-height-default\" data-id=\"4afe24d\" data-element_type=\"section\">\n\t\t\t\t\t\t<div class=\"elementor-container elementor-column-gap-default\">\n\t\t\t\t\t<div class=\"elementor-column elementor-col-33 elementor-inner-column elementor-element elementor-element-4cf65f2\" data-id=\"4cf65f2\" data-element_type=\"column\">\n\t\t\t<div class=\"elementor-widget-wrap elementor-element-populated\">\n\t\t\t\t\t\t<div class=\"elementor-element elementor-element-69de64d elementor-view-default elementor-position-top elementor-mobile-position-top elementor-widget elementor-widget-icon-box\" data-id=\"69de64d\" data-element_type=\"widget\" data-widget_type=\"icon-box.default\">\n\t\t\t\t<div class=\"elementor-widget-container\">\n\t\t\t\t\t\t\t<div class=\"elementor-icon-box-wrapper\">\n\n\t\t\t\t\t\t<div class=\"elementor-icon-box-icon\">\n\t\t\t\t<a href=\"tel:981886386\" class=\"elementor-icon\" tabindex=\"-1\" aria-label=\"Tel\u00e9fono\">\n\t\t\t\t<i aria-hidden=\"true\" class=\"fas fa-phone-alt\"><\/i>\t\t\t\t<\/a>\n\t\t\t<\/div>\n\t\t\t\n\t\t\t\t\t\t<div class=\"elementor-icon-box-content\">\n\n\t\t\t\t\t\t\t\t\t<h3 class=\"elementor-icon-box-title\">\n\t\t\t\t\t\t<a href=\"tel:981886386\" >\n\t\t\t\t\t\t\tTel\u00e9fono\t\t\t\t\t\t<\/a>\n\t\t\t\t\t<\/h3>\n\t\t\t\t\n\t\t\t\t\n\t\t\t<\/div>\n\t\t\t\n\t\t<\/div>\n\t\t\t\t\t\t<\/div>\n\t\t\t\t<\/div>\n\t\t\t\t<div class=\"elementor-element elementor-element-57eaf0e elementor-widget elementor-widget-heading\" data-id=\"57eaf0e\" data-element_type=\"widget\" data-widget_type=\"heading.default\">\n\t\t\t\t<div class=\"elementor-widget-container\">\n\t\t\t\t\t<span class=\"elementor-heading-title elementor-size-default\"><a href=\"tel:981886386\">981 886 386<\/a><\/span>\t\t\t\t<\/div>\n\t\t\t\t<\/div>\n\t\t\t\t\t<\/div>\n\t\t<\/div>\n\t\t\t\t<div class=\"elementor-column elementor-col-33 elementor-inner-column elementor-element elementor-element-ce629de\" data-id=\"ce629de\" data-element_type=\"column\">\n\t\t\t<div class=\"elementor-widget-wrap elementor-element-populated\">\n\t\t\t\t\t\t<div class=\"elementor-element elementor-element-4ab2c1a elementor-view-default elementor-position-top elementor-mobile-position-top elementor-widget elementor-widget-icon-box\" data-id=\"4ab2c1a\" data-element_type=\"widget\" data-widget_type=\"icon-box.default\">\n\t\t\t\t<div class=\"elementor-widget-container\">\n\t\t\t\t\t\t\t<div class=\"elementor-icon-box-wrapper\">\n\n\t\t\t\t\t\t<div class=\"elementor-icon-box-icon\">\n\t\t\t\t<a href=\"mailto:cantorna@economistas.org?subject=Asunto\" class=\"elementor-icon\" tabindex=\"-1\" aria-label=\"Email\">\n\t\t\t\t<i aria-hidden=\"true\" class=\"fas fa-envelope\"><\/i>\t\t\t\t<\/a>\n\t\t\t<\/div>\n\t\t\t\n\t\t\t\t\t\t<div class=\"elementor-icon-box-content\">\n\n\t\t\t\t\t\t\t\t\t<h3 class=\"elementor-icon-box-title\">\n\t\t\t\t\t\t<a href=\"mailto:cantorna@economistas.org?subject=Asunto\" >\n\t\t\t\t\t\t\tEmail\t\t\t\t\t\t<\/a>\n\t\t\t\t\t<\/h3>\n\t\t\t\t\n\t\t\t\t\n\t\t\t<\/div>\n\t\t\t\n\t\t<\/div>\n\t\t\t\t\t\t<\/div>\n\t\t\t\t<\/div>\n\t\t\t\t<div class=\"elementor-element elementor-element-4f357f9 elementor-widget elementor-widget-heading\" data-id=\"4f357f9\" data-element_type=\"widget\" data-widget_type=\"heading.default\">\n\t\t\t\t<div class=\"elementor-widget-container\">\n\t\t\t\t\t<span class=\"elementor-heading-title elementor-size-default\"><a href=\"mailto:info@cantorna.es?subject=Asunto\">info@cantorna.es<\/a><\/span>\t\t\t\t<\/div>\n\t\t\t\t<\/div>\n\t\t\t\t\t<\/div>\n\t\t<\/div>\n\t\t\t\t<div class=\"elementor-column elementor-col-33 elementor-inner-column elementor-element elementor-element-461aea8\" data-id=\"461aea8\" data-element_type=\"column\">\n\t\t\t<div class=\"elementor-widget-wrap elementor-element-populated\">\n\t\t\t\t\t\t<div class=\"elementor-element elementor-element-5b53dea elementor-view-default elementor-position-top elementor-mobile-position-top elementor-widget elementor-widget-icon-box\" data-id=\"5b53dea\" data-element_type=\"widget\" data-widget_type=\"icon-box.default\">\n\t\t\t\t<div class=\"elementor-widget-container\">\n\t\t\t\t\t\t\t<div class=\"elementor-icon-box-wrapper\">\n\n\t\t\t\t\t\t<div class=\"elementor-icon-box-icon\">\n\t\t\t\t<a href=\"https:\/\/goo.gl\/maps\/4GusnJZhwRC4Jbq29\" class=\"elementor-icon\" tabindex=\"-1\" aria-label=\"Direcci\u00f3n\">\n\t\t\t\t<i aria-hidden=\"true\" class=\"fas fa-map-marker-alt\"><\/i>\t\t\t\t<\/a>\n\t\t\t<\/div>\n\t\t\t\n\t\t\t\t\t\t<div class=\"elementor-icon-box-content\">\n\n\t\t\t\t\t\t\t\t\t<h3 class=\"elementor-icon-box-title\">\n\t\t\t\t\t\t<a href=\"https:\/\/goo.gl\/maps\/4GusnJZhwRC4Jbq29\" >\n\t\t\t\t\t\t\tDirecci\u00f3n\t\t\t\t\t\t<\/a>\n\t\t\t\t\t<\/h3>\n\t\t\t\t\n\t\t\t\t\n\t\t\t<\/div>\n\t\t\t\n\t\t<\/div>\n\t\t\t\t\t\t<\/div>\n\t\t\t\t<\/div>\n\t\t\t\t<div class=\"elementor-element elementor-element-24dafc7 elementor-widget elementor-widget-heading\" data-id=\"24dafc7\" data-element_type=\"widget\" data-widget_type=\"heading.default\">\n\t\t\t\t<div class=\"elementor-widget-container\">\n\t\t\t\t\t<span class=\"elementor-heading-title elementor-size-default\"><a href=\"https:\/\/goo.gl\/maps\/4GusnJZhwRC4Jbq29\">Rosal\u00eda de Castro, 15 1\u00ba A <br>\n15830  Negreira (A Coru\u00f1a) <\/a><\/span>\t\t\t\t<\/div>\n\t\t\t\t<\/div>\n\t\t\t\t\t<\/div>\n\t\t<\/div>\n\t\t\t\t\t<\/div>\n\t\t<\/section>\n\t\t\t\t\t<\/div>\n\t\t<\/div>\n\t\t\t\t\t<\/div>\n\t\t<\/section>\n\t\t\t\t<section class=\"elementor-section elementor-top-section elementor-element elementor-element-d1296c0 elementor-section-full_width elementor-section-height-default elementor-section-height-default\" data-id=\"d1296c0\" data-element_type=\"section\">\n\t\t\t\t\t\t<div class=\"elementor-container elementor-column-gap-default\">\n\t\t\t\t\t<div class=\"elementor-column elementor-col-100 elementor-top-column elementor-element elementor-element-d8f8067\" data-id=\"d8f8067\" data-element_type=\"column\">\n\t\t\t<div class=\"elementor-widget-wrap elementor-element-populated\">\n\t\t\t\t\t\t<div class=\"elementor-element elementor-element-80b1973 elementor-widget elementor-widget-google_maps\" data-id=\"80b1973\" data-element_type=\"widget\" data-widget_type=\"google_maps.default\">\n\t\t\t\t<div class=\"elementor-widget-container\">\n\t\t\t\t\t\t\t<div class=\"elementor-custom-embed\">\n\t\t\t<iframe loading=\"lazy\"\n\t\t\t\t\tsrc=\"https:\/\/maps.google.com\/maps?q=Asesoria%20Cantorna%2C%20Negreira&#038;t=m&#038;z=17&#038;output=embed&#038;iwloc=near\"\n\t\t\t\t\ttitle=\"Asesoria Cantorna, Negreira\"\n\t\t\t\t\taria-label=\"Asesoria Cantorna, Negreira\"\n\t\t\t><\/iframe>\n\t\t<\/div>\n\t\t\t\t\t\t<\/div>\n\t\t\t\t<\/div>\n\t\t\t\t\t<\/div>\n\t\t<\/div>\n\t\t\t\t\t<\/div>\n\t\t<\/section>\n\t\t\t\t<\/div>","protected":false},"excerpt":{"rendered":"<p>Contacto Env\u00edenos su consulta y le contestaremos profesionalmente Email * Nombre de contacto Consulta * Enviar consulta Tel\u00e9fono 981 886 386 Email info@cantorna.es Direcci\u00f3n Rosal\u00eda de Castro, 15 1\u00ba A 15830 Negreira (A Coru\u00f1a)<\/p>","protected":false},"author":1,"featured_media":0,"parent":0,"menu_order":2,"comment_status":"closed","ping_status":"closed","template":"page-templates\/template-pagebuilder-full-width.php","meta":{"neve_meta_sidebar":"full-width","neve_meta_container":"default","neve_meta_enable_content_width":"on","neve_meta_content_width":100,"neve_meta_title_alignment":"","neve_meta_author_avatar":"","neve_post_elements_order":"","neve_meta_disable_header":"off","neve_meta_disable_footer":"off","neve_meta_disable_title":"off","neve_meta_reading_time":"","_themeisle_gutenberg_block_has_review":false,"_ti_tpc_template_sync":false,"_ti_tpc_template_id":"mumejcrfphfbub8rll9l","footnotes":""},"class_list":["post-13","page","type-page","status-publish","hentry"],"yoast_head":"<!-- This site is optimized with the Yoast SEO plugin v26.1.1 - https:\/\/yoast.com\/wordpress\/plugins\/seo\/ -->\n<title>Contacto - Asesor\u00eda Cantorna<\/title>\n<meta name=\"description\" content=\"Env\u00edenos su consulta y le contestaremos profesionalmente sobre asesor\u00eda contable, laboral y financiera, administraci\u00f3n de comunidades de vecinos.\" \/>\n<meta name=\"robots\" content=\"index, follow, max-snippet:-1, max-image-preview:large, max-video-preview:-1\" \/>\n<link rel=\"canonical\" href=\"https:\/\/cantorna.es\/gl\/contacto\/\" \/>\n<meta property=\"og:locale\" content=\"gl_ES\" \/>\n<meta property=\"og:type\" content=\"article\" \/>\n<meta property=\"og:title\" content=\"Contacto - Asesor\u00eda Cantorna\" \/>\n<meta property=\"og:description\" content=\"Env\u00edenos su consulta y le contestaremos profesionalmente sobre asesor\u00eda contable, laboral y financiera, administraci\u00f3n de comunidades de vecinos.\" \/>\n<meta property=\"og:url\" content=\"https:\/\/cantorna.es\/gl\/contacto\/\" \/>\n<meta property=\"og:site_name\" content=\"Asesor\u00eda Cantorna\" \/>\n<meta property=\"article:modified_time\" content=\"2023-05-10T21:33:13+00:00\" \/>\n<meta name=\"twitter:card\" content=\"summary_large_image\" \/>\n<meta name=\"twitter:label1\" content=\"Tempo de lectura\" \/>\n\t<meta name=\"twitter:data1\" content=\"1 minuto\" \/>\n<script type=\"application\/ld+json\" class=\"yoast-schema-graph\">{\"@context\":\"https:\/\/schema.org\",\"@graph\":[{\"@type\":\"WebPage\",\"@id\":\"https:\/\/cantorna.es\/contacto\/\",\"url\":\"https:\/\/cantorna.es\/contacto\/\",\"name\":\"Contacto - Asesor\u00eda Cantorna\",\"isPartOf\":{\"@id\":\"https:\/\/cantorna.es\/#website\"},\"datePublished\":\"2019-12-17T10:49:26+00:00\",\"dateModified\":\"2023-05-10T21:33:13+00:00\",\"description\":\"Env\u00edenos su consulta y le contestaremos profesionalmente sobre asesor\u00eda contable, laboral y financiera, administraci\u00f3n de comunidades de vecinos.\",\"breadcrumb\":{\"@id\":\"https:\/\/cantorna.es\/contacto\/#breadcrumb\"},\"inLanguage\":\"gl-ES\",\"potentialAction\":[{\"@type\":\"ReadAction\",\"target\":[\"https:\/\/cantorna.es\/contacto\/\"]}]},{\"@type\":\"BreadcrumbList\",\"@id\":\"https:\/\/cantorna.es\/contacto\/#breadcrumb\",\"itemListElement\":[{\"@type\":\"ListItem\",\"position\":1,\"name\":\"Portada\",\"item\":\"https:\/\/cantorna.es\/\"},{\"@type\":\"ListItem\",\"position\":2,\"name\":\"Contacto\"}]},{\"@type\":\"WebSite\",\"@id\":\"https:\/\/cantorna.es\/#website\",\"url\":\"https:\/\/cantorna.es\/\",\"name\":\"Asesor\u00eda Cantorna Gestor\u00eda\",\"description\":\"Asesor&iacute;a Cantorna\",\"publisher\":{\"@id\":\"https:\/\/cantorna.es\/#organization\"},\"potentialAction\":[{\"@type\":\"SearchAction\",\"target\":{\"@type\":\"EntryPoint\",\"urlTemplate\":\"https:\/\/cantorna.es\/?s={search_term_string}\"},\"query-input\":{\"@type\":\"PropertyValueSpecification\",\"valueRequired\":true,\"valueName\":\"search_term_string\"}}],\"inLanguage\":\"gl-ES\"},{\"@type\":\"Organization\",\"@id\":\"https:\/\/cantorna.es\/#organization\",\"name\":\"Asesor\u00eda Cantorna Gestor\u00eda\",\"url\":\"https:\/\/cantorna.es\/\",\"logo\":{\"@type\":\"ImageObject\",\"inLanguage\":\"gl-ES\",\"@id\":\"https:\/\/cantorna.es\/#\/schema\/logo\/image\/\",\"url\":\"http:\/\/www.cantorna.es\/wp-content\/uploads\/2023\/04\/cropped-logo.jpg\",\"contentUrl\":\"http:\/\/www.cantorna.es\/wp-content\/uploads\/2023\/04\/cropped-logo.jpg\",\"width\":200,\"height\":77,\"caption\":\"Asesor\u00eda Cantorna Gestor\u00eda\"},\"image\":{\"@id\":\"https:\/\/cantorna.es\/#\/schema\/logo\/image\/\"}}]}<\/script>\n<!-- \/ Yoast SEO plugin. -->","yoast_head_json":{"title":"Contacto - Asesor\u00eda Cantorna","description":"Env\u00edenos su consulta y le contestaremos profesionalmente sobre asesor\u00eda contable, laboral y financiera, administraci\u00f3n de comunidades de vecinos.","robots":{"index":"index","follow":"follow","max-snippet":"max-snippet:-1","max-image-preview":"max-image-preview:large","max-video-preview":"max-video-preview:-1"},"canonical":"https:\/\/cantorna.es\/gl\/contacto\/","og_locale":"gl_ES","og_type":"article","og_title":"Contacto - Asesor\u00eda Cantorna","og_description":"Env\u00edenos su consulta y le contestaremos profesionalmente sobre asesor\u00eda contable, laboral y financiera, administraci\u00f3n de comunidades de vecinos.","og_url":"https:\/\/cantorna.es\/gl\/contacto\/","og_site_name":"Asesor\u00eda Cantorna","article_modified_time":"2023-05-10T21:33:13+00:00","twitter_card":"summary_large_image","twitter_misc":{"Tempo de lectura":"1 minuto"},"schema":{"@context":"https:\/\/schema.org","@graph":[{"@type":"WebPage","@id":"https:\/\/cantorna.es\/contacto\/","url":"https:\/\/cantorna.es\/contacto\/","name":"Contacto - Asesor\u00eda Cantorna","isPartOf":{"@id":"https:\/\/cantorna.es\/#website"},"datePublished":"2019-12-17T10:49:26+00:00","dateModified":"2023-05-10T21:33:13+00:00","description":"Env\u00edenos su consulta y le contestaremos profesionalmente sobre asesor\u00eda contable, laboral y financiera, administraci\u00f3n de comunidades de vecinos.","breadcrumb":{"@id":"https:\/\/cantorna.es\/contacto\/#breadcrumb"},"inLanguage":"gl-ES","potentialAction":[{"@type":"ReadAction","target":["https:\/\/cantorna.es\/contacto\/"]}]},{"@type":"BreadcrumbList","@id":"https:\/\/cantorna.es\/contacto\/#breadcrumb","itemListElement":[{"@type":"ListItem","position":1,"name":"Portada","item":"https:\/\/cantorna.es\/"},{"@type":"ListItem","position":2,"name":"Contacto"}]},{"@type":"WebSite","@id":"https:\/\/cantorna.es\/#website","url":"https:\/\/cantorna.es\/","name":"Asesor\u00eda Cantorna Gestor\u00eda","description":"Asesor&iacute;a Cantorna","publisher":{"@id":"https:\/\/cantorna.es\/#organization"},"potentialAction":[{"@type":"SearchAction","target":{"@type":"EntryPoint","urlTemplate":"https:\/\/cantorna.es\/?s={search_term_string}"},"query-input":{"@type":"PropertyValueSpecification","valueRequired":true,"valueName":"search_term_string"}}],"inLanguage":"gl-ES"},{"@type":"Organization","@id":"https:\/\/cantorna.es\/#organization","name":"Asesor\u00eda Cantorna Gestor\u00eda","url":"https:\/\/cantorna.es\/","logo":{"@type":"ImageObject","inLanguage":"gl-ES","@id":"https:\/\/cantorna.es\/#\/schema\/logo\/image\/","url":"http:\/\/www.cantorna.es\/wp-content\/uploads\/2023\/04\/cropped-logo.jpg","contentUrl":"http:\/\/www.cantorna.es\/wp-content\/uploads\/2023\/04\/cropped-logo.jpg","width":200,"height":77,"caption":"Asesor\u00eda Cantorna Gestor\u00eda"},"image":{"@id":"https:\/\/cantorna.es\/#\/schema\/logo\/image\/"}}]}},"_links":{"self":[{"href":"https:\/\/cantorna.es\/gl\/wp-json\/wp\/v2\/pages\/13","targetHints":{"allow":["GET"]}}],"collection":[{"href":"https:\/\/cantorna.es\/gl\/wp-json\/wp\/v2\/pages"}],"about":[{"href":"https:\/\/cantorna.es\/gl\/wp-json\/wp\/v2\/types\/page"}],"author":[{"embeddable":true,"href":"https:\/\/cantorna.es\/gl\/wp-json\/wp\/v2\/users\/1"}],"replies":[{"embeddable":true,"href":"https:\/\/cantorna.es\/gl\/wp-json\/wp\/v2\/comments?post=13"}],"version-history":[{"count":36,"href":"https:\/\/cantorna.es\/gl\/wp-json\/wp\/v2\/pages\/13\/revisions"}],"predecessor-version":[{"id":413,"href":"https:\/\/cantorna.es\/gl\/wp-json\/wp\/v2\/pages\/13\/revisions\/413"}],"wp:attachment":[{"href":"https:\/\/cantorna.es\/gl\/wp-json\/wp\/v2\/media?parent=13"}],"curies":[{"name":"wp","href":"https:\/\/api.w.org\/{rel}","templated":true}]}}